{"id":5897,"date":"2026-01-10T14:02:14","date_gmt":"2026-01-10T14:02:14","guid":{"rendered":"https:\/\/barois-events.com\/essai\/"},"modified":"2026-01-10T14:05:19","modified_gmt":"2026-01-10T14:05:19","slug":"essai","status":"publish","type":"page","link":"https:\/\/barois-events.com\/en\/essai\/","title":{"rendered":"essai"},"content":{"rendered":"\t\t<div data-elementor-type=\"wp-page\" data-elementor-id=\"5897\" class=\"elementor elementor-5897\">\n\t\t\t\t<div class=\"elementor-element elementor-element-2ae9c1a e-flex e-con-boxed e-con e-parent\" data-id=\"2ae9c1a\" data-element_type=\"container\" data-e-type=\"container\">\n\t\t\t\t\t<div class=\"e-con-inner\">\n\t\t\t\t<div class=\"elementor-element elementor-element-2df4c14 elementor-widget elementor-widget-text-editor\" data-id=\"2df4c14\" data-element_type=\"widget\" data-e-type=\"widget\" data-widget_type=\"text-editor.default\">\n\t\t\t\t<div class=\"elementor-widget-container\">\n\t\t\t\t\t\t\t\t\t<ol><li style=\"list-style-type: none;\"><ol><li><h2 class=\"western\" align=\"left\">\ud83d\udccd AGECOTEL 2026 \u2013 The meeting place for professionals<\/h2><\/li><\/ol><\/li><\/ol><p class=\"western\" align=\"left\">Pour sa 32\u1d49 \u00e9dition, AGECOTEL, le salon biennal d\u00e9di\u00e9 aux restaurateurs, h\u00f4teliers, boulangers, p\u00e2tissiers, charcutiers, traiteurs, cuisines collectives et gestionnaires de camping, se tiendra :<\/p><p class=\"western\" align=\"left\">\ud83d\uddd3 Du 1er au 3 f\u00e9vrier 2026<\/p><p class=\"western\" align=\"left\">\ud83d\udccd Palais des Expositions \u2013 Nice<\/p><p class=\"western\" align=\"left\">\ud83d\udc49 Notez la date dans vos agendas !<\/p><p class=\"western\" align=\"left\">Avec plus de 130 exposants repr\u00e9sentant 250 marques, AGECOTEL est un salon \u00e0 taille humaine, reconnu pour sa convivialit\u00e9, sa proximit\u00e9 et la qualit\u00e9 de ses \u00e9changes professionnels.<\/p>\t\t\t\t\t\t\t\t<\/div>\n\t\t\t\t<\/div>\n\t\t\t\t\t<\/div>\n\t\t\t\t<\/div>\n\t\t\t\t<\/div>\n\t\t","protected":false},"excerpt":{"rendered":"<p>\ud83d\udccd AGECOTEL 2026 \u2013 The meeting place for professionals Pour sa 32\u1d49 \u00e9dition, AGECOTEL, le salon biennal d\u00e9di\u00e9 aux restaurateurs, h\u00f4teliers, boulangers, p\u00e2tissiers, charcutiers, traiteurs, cuisines collectives et gestionnaires de camping, se tiendra : \ud83d\uddd3 Du 1er au 3 f\u00e9vrier 2026 \ud83d\udccd Palais des Expositions \u2013 Nice \ud83d\udc49 Notez la date dans vos agendas ! [&hellip;]<\/p>\n","protected":false},"author":6,"featured_media":0,"parent":0,"menu_order":0,"comment_status":"closed","ping_status":"closed","template":"","meta":{"footnotes":""},"class_list":["post-5897","page","type-page","status-publish","hentry"],"blocksy_meta":[],"yoast_head":"<!-- This site is optimized with the Yoast SEO plugin v27.5 - https:\/\/yoast.com\/product\/yoast-seo-wordpress\/ -->\n<title>essai - Barois Events<\/title>\n<meta name=\"description\" content=\"\ud83d\udccd AGECOTEL 2026 \u2013 The meeting place for professionalsPour sa 32\u1d49 \u00e9dition, AGECOTEL, le salon biennal d\u00e9di\u00e9 aux restaurateurs, h\u00f4teliers, boulangers,\" \/>\n<meta name=\"robots\" content=\"index, follow, max-snippet:-1, max-image-preview:large, max-video-preview:-1\" \/>\n<link rel=\"canonical\" href=\"https:\/\/barois-events.com\/en\/essai\/\" \/>\n<meta property=\"og:locale\" content=\"en_US\" \/>\n<meta property=\"og:type\" content=\"article\" \/>\n<meta property=\"og:title\" content=\"essai - Barois Events\" \/>\n<meta property=\"og:description\" content=\"\ud83d\udccd AGECOTEL 2026 \u2013 The meeting place for professionalsPour sa 32\u1d49 \u00e9dition, AGECOTEL, le salon biennal d\u00e9di\u00e9 aux restaurateurs, h\u00f4teliers, boulangers,\" \/>\n<meta property=\"og:url\" content=\"https:\/\/barois-events.com\/en\/essai\/\" \/>\n<meta property=\"og:site_name\" content=\"Barois Events\" \/>\n<meta property=\"article:modified_time\" content=\"2026-01-10T14:05:19+00:00\" \/>\n<meta property=\"og:image\" content=\"https:\/\/barois-events.com\/wp-content\/uploads\/2025\/06\/favicon.png\" \/>\n\t<meta property=\"og:image:width\" content=\"500\" \/>\n\t<meta property=\"og:image:height\" content=\"500\" \/>\n\t<meta property=\"og:image:type\" content=\"image\/png\" \/>\n<meta name=\"twitter:card\" content=\"summary_large_image\" \/>\n<script type=\"application\/ld+json\" class=\"yoast-schema-graph\">{\"@context\":\"https:\\\/\\\/schema.org\",\"@graph\":[{\"@type\":\"WebPage\",\"@id\":\"https:\\\/\\\/barois-events.com\\\/en\\\/essai\\\/\",\"url\":\"https:\\\/\\\/barois-events.com\\\/en\\\/essai\\\/\",\"name\":\"essai - Barois Events\",\"isPartOf\":{\"@id\":\"https:\\\/\\\/barois-events.com\\\/en\\\/#website\"},\"datePublished\":\"2026-01-10T14:02:14+00:00\",\"dateModified\":\"2026-01-10T14:05:19+00:00\",\"description\":\"\ud83d\udccd AGECOTEL 2026 \u2013 The meeting place for professionalsPour sa 32\u1d49 \u00e9dition, AGECOTEL, le salon biennal d\u00e9di\u00e9 aux restaurateurs, h\u00f4teliers, boulangers,\",\"breadcrumb\":{\"@id\":\"https:\\\/\\\/barois-events.com\\\/en\\\/essai\\\/#breadcrumb\"},\"inLanguage\":\"en-US\",\"potentialAction\":[{\"@type\":\"ReadAction\",\"target\":[\"https:\\\/\\\/barois-events.com\\\/en\\\/essai\\\/\"]}]},{\"@type\":\"BreadcrumbList\",\"@id\":\"https:\\\/\\\/barois-events.com\\\/en\\\/essai\\\/#breadcrumb\",\"itemListElement\":[{\"@type\":\"ListItem\",\"position\":1,\"name\":\"Accueil\",\"item\":\"https:\\\/\\\/barois-events.com\\\/en\\\/\"},{\"@type\":\"ListItem\",\"position\":2,\"name\":\"essai\"}]},{\"@type\":\"WebSite\",\"@id\":\"https:\\\/\\\/barois-events.com\\\/en\\\/#website\",\"url\":\"https:\\\/\\\/barois-events.com\\\/en\\\/\",\"name\":\"Barois Events\",\"description\":\"Agence \u00e9v\u00e9nementielle Alpes-Maritimes\",\"publisher\":{\"@id\":\"https:\\\/\\\/barois-events.com\\\/en\\\/#organization\"},\"alternateName\":\"BE\",\"potentialAction\":[{\"@type\":\"SearchAction\",\"target\":{\"@type\":\"EntryPoint\",\"urlTemplate\":\"https:\\\/\\\/barois-events.com\\\/en\\\/?s={search_term_string}\"},\"query-input\":{\"@type\":\"PropertyValueSpecification\",\"valueRequired\":true,\"valueName\":\"search_term_string\"}}],\"inLanguage\":\"en-US\"},{\"@type\":\"Organization\",\"@id\":\"https:\\\/\\\/barois-events.com\\\/en\\\/#organization\",\"name\":\"Barois Events\",\"alternateName\":\"BE\",\"url\":\"https:\\\/\\\/barois-events.com\\\/en\\\/\",\"logo\":{\"@type\":\"ImageObject\",\"inLanguage\":\"en-US\",\"@id\":\"https:\\\/\\\/barois-events.com\\\/en\\\/#\\\/schema\\\/logo\\\/image\\\/\",\"url\":\"https:\\\/\\\/barois-events.com\\\/wp-content\\\/uploads\\\/2025\\\/02\\\/logo-transparent-1.png\",\"contentUrl\":\"https:\\\/\\\/barois-events.com\\\/wp-content\\\/uploads\\\/2025\\\/02\\\/logo-transparent-1.png\",\"width\":116,\"height\":68,\"caption\":\"Barois Events\"},\"image\":{\"@id\":\"https:\\\/\\\/barois-events.com\\\/en\\\/#\\\/schema\\\/logo\\\/image\\\/\"}}]}<\/script>\n<!-- \/ Yoast SEO plugin. -->","yoast_head_json":{"title":"essai - Barois Events","description":"\ud83d\udccd AGECOTEL 2026 \u2013 The meeting place for professionalsPour sa 32\u1d49 \u00e9dition, AGECOTEL, le salon biennal d\u00e9di\u00e9 aux restaurateurs, h\u00f4teliers, boulangers,","robots":{"index":"index","follow":"follow","max-snippet":"max-snippet:-1","max-image-preview":"max-image-preview:large","max-video-preview":"max-video-preview:-1"},"canonical":"https:\/\/barois-events.com\/en\/essai\/","og_locale":"en_US","og_type":"article","og_title":"essai - Barois Events","og_description":"\ud83d\udccd AGECOTEL 2026 \u2013 The meeting place for professionalsPour sa 32\u1d49 \u00e9dition, AGECOTEL, le salon biennal d\u00e9di\u00e9 aux restaurateurs, h\u00f4teliers, boulangers,","og_url":"https:\/\/barois-events.com\/en\/essai\/","og_site_name":"Barois Events","article_modified_time":"2026-01-10T14:05:19+00:00","og_image":[{"width":500,"height":500,"url":"https:\/\/barois-events.com\/wp-content\/uploads\/2025\/06\/favicon.png","type":"image\/png"}],"twitter_card":"summary_large_image","schema":{"@context":"https:\/\/schema.org","@graph":[{"@type":"WebPage","@id":"https:\/\/barois-events.com\/en\/essai\/","url":"https:\/\/barois-events.com\/en\/essai\/","name":"essai - Barois Events","isPartOf":{"@id":"https:\/\/barois-events.com\/en\/#website"},"datePublished":"2026-01-10T14:02:14+00:00","dateModified":"2026-01-10T14:05:19+00:00","description":"\ud83d\udccd AGECOTEL 2026 \u2013 The meeting place for professionalsPour sa 32\u1d49 \u00e9dition, AGECOTEL, le salon biennal d\u00e9di\u00e9 aux restaurateurs, h\u00f4teliers, boulangers,","breadcrumb":{"@id":"https:\/\/barois-events.com\/en\/essai\/#breadcrumb"},"inLanguage":"en-US","potentialAction":[{"@type":"ReadAction","target":["https:\/\/barois-events.com\/en\/essai\/"]}]},{"@type":"BreadcrumbList","@id":"https:\/\/barois-events.com\/en\/essai\/#breadcrumb","itemListElement":[{"@type":"ListItem","position":1,"name":"Accueil","item":"https:\/\/barois-events.com\/en\/"},{"@type":"ListItem","position":2,"name":"essai"}]},{"@type":"WebSite","@id":"https:\/\/barois-events.com\/en\/#website","url":"https:\/\/barois-events.com\/en\/","name":"Barois Events","description":"Agence \u00e9v\u00e9nementielle Alpes-Maritimes","publisher":{"@id":"https:\/\/barois-events.com\/en\/#organization"},"alternateName":"BE","potentialAction":[{"@type":"SearchAction","target":{"@type":"EntryPoint","urlTemplate":"https:\/\/barois-events.com\/en\/?s={search_term_string}"},"query-input":{"@type":"PropertyValueSpecification","valueRequired":true,"valueName":"search_term_string"}}],"inLanguage":"en-US"},{"@type":"Organization","@id":"https:\/\/barois-events.com\/en\/#organization","name":"Barois Events","alternateName":"BE","url":"https:\/\/barois-events.com\/en\/","logo":{"@type":"ImageObject","inLanguage":"en-US","@id":"https:\/\/barois-events.com\/en\/#\/schema\/logo\/image\/","url":"https:\/\/barois-events.com\/wp-content\/uploads\/2025\/02\/logo-transparent-1.png","contentUrl":"https:\/\/barois-events.com\/wp-content\/uploads\/2025\/02\/logo-transparent-1.png","width":116,"height":68,"caption":"Barois Events"},"image":{"@id":"https:\/\/barois-events.com\/en\/#\/schema\/logo\/image\/"}}]}},"_links":{"self":[{"href":"https:\/\/barois-events.com\/en\/wp-json\/wp\/v2\/pages\/5897","targetHints":{"allow":["GET"]}}],"collection":[{"href":"https:\/\/barois-events.com\/en\/wp-json\/wp\/v2\/pages"}],"about":[{"href":"https:\/\/barois-events.com\/en\/wp-json\/wp\/v2\/types\/page"}],"author":[{"embeddable":true,"href":"https:\/\/barois-events.com\/en\/wp-json\/wp\/v2\/users\/6"}],"replies":[{"embeddable":true,"href":"https:\/\/barois-events.com\/en\/wp-json\/wp\/v2\/comments?post=5897"}],"version-history":[{"count":1,"href":"https:\/\/barois-events.com\/en\/wp-json\/wp\/v2\/pages\/5897\/revisions"}],"predecessor-version":[{"id":5898,"href":"https:\/\/barois-events.com\/en\/wp-json\/wp\/v2\/pages\/5897\/revisions\/5898"}],"wp:attachment":[{"href":"https:\/\/barois-events.com\/en\/wp-json\/wp\/v2\/media?parent=5897"}],"curies":[{"name":"wp","href":"https:\/\/api.w.org\/{rel}","templated":true}]}}