{"id":5331,"date":"2025-06-24T09:47:05","date_gmt":"2025-06-24T09:47:05","guid":{"rendered":"https:\/\/barois-events.com\/avviso-legale\/"},"modified":"2025-11-24T15:22:38","modified_gmt":"2025-11-24T15:22:38","slug":"avviso-legale","status":"publish","type":"page","link":"https:\/\/barois-events.com\/it\/avviso-legale\/","title":{"rendered":"Avviso legale"},"content":{"rendered":"\t\t<div data-elementor-type=\"wp-page\" data-elementor-id=\"5331\" class=\"elementor elementor-5331 elementor-3996\">\n\t\t\t\t<div class=\"elementor-element elementor-element-6d873f0e e-flex e-con-boxed e-con e-parent\" data-id=\"6d873f0e\" data-element_type=\"container\" data-e-type=\"container\">\n\t\t\t\t\t<div class=\"e-con-inner\">\n\t\t\t\t<div class=\"elementor-element elementor-element-5eaed36f elementor-widget elementor-widget-text-editor\" data-id=\"5eaed36f\" data-element_type=\"widget\" data-e-type=\"widget\" data-widget_type=\"text-editor.default\">\n\t\t\t\t<div class=\"elementor-widget-container\">\n\t\t\t\t\t\t\t\t\t<h1>Avviso legale<\/h1>\n<h2>Editore del sito web<\/h2>\n<p>Ragione sociale o individuale: Barois Events<br>Indirizzo: 614, chemin de Saint Jean &#8211; 06620 Le Bar sur Loup<br>Telefono: <a href=\"tel:0605270301\">+33 (0)6 05 27 03 01<\/a><br>E-mail: <a href=\"mailto:contact@barois-events.com\">contact@barois-events.com<\/a><br>SIRET: 948 190 632 00018<br>Direttore della pubblicazione: Baptiste Codera<\/p>\n<h2>Hosting di siti web<\/h2>\n<p>Nome del provider di hosting: Dynamix Network<br>Indirizzo del provider di hosting: 338 Rte de la Sainte-Baume, 13390 Auriol<br>Numero di telefono del provider di hosting: +33 4 84 25 00 04<\/p>\n<h2>Propriet\u00e0 intellettuale<\/h2>\n<p>Il contenuto di questo sito (testi, immagini, video, logo, ecc.) \u00e8 protetto da copyright. Qualsiasi riproduzione senza autorizzazione \u00e8 vietata. <\/p>\n<h2>Responsabilit\u00e0<\/h2>\n<p>L&#8217;editore del sito web non pu\u00f2 essere ritenuto responsabile per eventuali errori o interruzioni del servizio. L&#8217;utente del sito web riconosce di utilizzare questo servizio a proprio rischio e pericolo. <\/p>\n<h2>Dati personali<\/h2>\n<p>I dati raccolti tramite questo sito vengono trattati in conformit\u00e0 con la nostra Informativa sulla privacy.<br>Per qualsiasi richiesta: contact@barois-events.com<\/p>\n<p>Cookies<\/p>\n<p>Questo sito utilizza i cookie. Puoi gestire le tue preferenze tramite la Cookie Policy. <\/p>\n<p> <\/p>\n<p> <\/p>\n<p> <\/p>\t\t\t\t\t\t\t\t<\/div>\n\t\t\t\t<\/div>\n\t\t\t\t\t<\/div>\n\t\t\t\t<\/div>\n\t\t\t\t<\/div>\n\t\t","protected":false},"excerpt":{"rendered":"<p>Avviso legale Editore del sito web Ragione sociale o individuale: Barois EventsIndirizzo: 614, chemin de Saint Jean &#8211; 06620 Le Bar sur LoupTelefono: +33 (0)6 05 27 03 01E-mail: contact@barois-events.comSIRET: 948 190 632 00018Direttore della pubblicazione: Baptiste Codera Hosting di siti web Nome del provider di hosting: Dynamix NetworkIndirizzo del provider di hosting: 338 Rte [&hellip;]<\/p>\n","protected":false},"author":6,"featured_media":5238,"parent":0,"menu_order":0,"comment_status":"closed","ping_status":"closed","template":"","meta":{"footnotes":""},"class_list":["post-5331","page","type-page","status-publish","has-post-thumbnail","hentry"],"blocksy_meta":[],"yoast_head":"<!-- This site is optimized with the Yoast SEO plugin v27.5 - https:\/\/yoast.com\/product\/yoast-seo-wordpress\/ -->\n<title>Note legali per Barois Events, agenzia di eventi nel 06<\/title>\n<meta name=\"description\" content=\"Mentions l\u00e9gales de Barois Events agence \u00e9v\u00e9nementielle sur le 06. I nostri servizi: noleggio, installazione e supporto per eventi.\" \/>\n<meta name=\"robots\" content=\"index, follow, max-snippet:-1, max-image-preview:large, max-video-preview:-1\" \/>\n<link rel=\"canonical\" href=\"https:\/\/barois-events.com\/it\/avviso-legale\/\" \/>\n<meta property=\"og:locale\" content=\"it_IT\" \/>\n<meta property=\"og:type\" content=\"article\" \/>\n<meta property=\"og:title\" content=\"Note legali per Barois Events, agenzia di eventi nel 06\" \/>\n<meta property=\"og:description\" content=\"Mentions l\u00e9gales de Barois Events agence \u00e9v\u00e9nementielle sur le 06. I nostri servizi: noleggio, installazione e supporto per eventi.\" \/>\n<meta property=\"og:url\" content=\"https:\/\/barois-events.com\/it\/avviso-legale\/\" \/>\n<meta property=\"og:site_name\" content=\"Barois Events\" \/>\n<meta property=\"article:modified_time\" content=\"2025-11-24T15:22:38+00:00\" \/>\n<meta property=\"og:image\" content=\"https:\/\/barois-events.com\/wp-content\/uploads\/2025\/06\/favicon.png\" \/>\n\t<meta property=\"og:image:width\" content=\"500\" \/>\n\t<meta property=\"og:image:height\" content=\"500\" \/>\n\t<meta property=\"og:image:type\" content=\"image\/png\" \/>\n<meta name=\"twitter:card\" content=\"summary_large_image\" \/>\n<meta name=\"twitter:label1\" content=\"Tempo di lettura stimato\" \/>\n\t<meta name=\"twitter:data1\" content=\"1 minuto\" \/>\n<script type=\"application\/ld+json\" class=\"yoast-schema-graph\">{\"@context\":\"https:\\\/\\\/schema.org\",\"@graph\":[{\"@type\":\"WebPage\",\"@id\":\"https:\\\/\\\/barois-events.com\\\/it\\\/avviso-legale\\\/\",\"url\":\"https:\\\/\\\/barois-events.com\\\/it\\\/avviso-legale\\\/\",\"name\":\"Note legali per Barois Events, agenzia di eventi nel 06\",\"isPartOf\":{\"@id\":\"https:\\\/\\\/barois-events.com\\\/it\\\/#website\"},\"primaryImageOfPage\":{\"@id\":\"https:\\\/\\\/barois-events.com\\\/it\\\/avviso-legale\\\/#primaryimage\"},\"image\":{\"@id\":\"https:\\\/\\\/barois-events.com\\\/it\\\/avviso-legale\\\/#primaryimage\"},\"thumbnailUrl\":\"https:\\\/\\\/barois-events.com\\\/wp-content\\\/uploads\\\/2025\\\/06\\\/favicon.png\",\"datePublished\":\"2025-06-24T09:47:05+00:00\",\"dateModified\":\"2025-11-24T15:22:38+00:00\",\"description\":\"Mentions l\u00e9gales de Barois Events agence \u00e9v\u00e9nementielle sur le 06. I nostri servizi: noleggio, installazione e supporto per eventi.\",\"breadcrumb\":{\"@id\":\"https:\\\/\\\/barois-events.com\\\/it\\\/avviso-legale\\\/#breadcrumb\"},\"inLanguage\":\"it-IT\",\"potentialAction\":[{\"@type\":\"ReadAction\",\"target\":[\"https:\\\/\\\/barois-events.com\\\/it\\\/avviso-legale\\\/\"]}]},{\"@type\":\"ImageObject\",\"inLanguage\":\"it-IT\",\"@id\":\"https:\\\/\\\/barois-events.com\\\/it\\\/avviso-legale\\\/#primaryimage\",\"url\":\"https:\\\/\\\/barois-events.com\\\/wp-content\\\/uploads\\\/2025\\\/06\\\/favicon.png\",\"contentUrl\":\"https:\\\/\\\/barois-events.com\\\/wp-content\\\/uploads\\\/2025\\\/06\\\/favicon.png\",\"width\":500,\"height\":500,\"caption\":\"Barois Events, Agenzia di eventi, Alpi Marittime\"},{\"@type\":\"BreadcrumbList\",\"@id\":\"https:\\\/\\\/barois-events.com\\\/it\\\/avviso-legale\\\/#breadcrumb\",\"itemListElement\":[{\"@type\":\"ListItem\",\"position\":1,\"name\":\"Accueil\",\"item\":\"https:\\\/\\\/barois-events.com\\\/it\\\/\"},{\"@type\":\"ListItem\",\"position\":2,\"name\":\"Avviso legale\"}]},{\"@type\":\"WebSite\",\"@id\":\"https:\\\/\\\/barois-events.com\\\/it\\\/#website\",\"url\":\"https:\\\/\\\/barois-events.com\\\/it\\\/\",\"name\":\"Barois Events\",\"description\":\"Agence \u00e9v\u00e9nementielle Alpes-Maritimes\",\"publisher\":{\"@id\":\"https:\\\/\\\/barois-events.com\\\/it\\\/#organization\"},\"alternateName\":\"BE\",\"potentialAction\":[{\"@type\":\"SearchAction\",\"target\":{\"@type\":\"EntryPoint\",\"urlTemplate\":\"https:\\\/\\\/barois-events.com\\\/it\\\/?s={search_term_string}\"},\"query-input\":{\"@type\":\"PropertyValueSpecification\",\"valueRequired\":true,\"valueName\":\"search_term_string\"}}],\"inLanguage\":\"it-IT\"},{\"@type\":\"Organization\",\"@id\":\"https:\\\/\\\/barois-events.com\\\/it\\\/#organization\",\"name\":\"Barois Events\",\"alternateName\":\"BE\",\"url\":\"https:\\\/\\\/barois-events.com\\\/it\\\/\",\"logo\":{\"@type\":\"ImageObject\",\"inLanguage\":\"it-IT\",\"@id\":\"https:\\\/\\\/barois-events.com\\\/it\\\/#\\\/schema\\\/logo\\\/image\\\/\",\"url\":\"https:\\\/\\\/barois-events.com\\\/wp-content\\\/uploads\\\/2025\\\/02\\\/logo-transparent-1.png\",\"contentUrl\":\"https:\\\/\\\/barois-events.com\\\/wp-content\\\/uploads\\\/2025\\\/02\\\/logo-transparent-1.png\",\"width\":116,\"height\":68,\"caption\":\"Barois Events\"},\"image\":{\"@id\":\"https:\\\/\\\/barois-events.com\\\/it\\\/#\\\/schema\\\/logo\\\/image\\\/\"}}]}<\/script>\n<!-- \/ Yoast SEO plugin. -->","yoast_head_json":{"title":"Note legali per Barois Events, agenzia di eventi nel 06","description":"Mentions l\u00e9gales de Barois Events agence \u00e9v\u00e9nementielle sur le 06. I nostri servizi: noleggio, installazione e supporto per eventi.","robots":{"index":"index","follow":"follow","max-snippet":"max-snippet:-1","max-image-preview":"max-image-preview:large","max-video-preview":"max-video-preview:-1"},"canonical":"https:\/\/barois-events.com\/it\/avviso-legale\/","og_locale":"it_IT","og_type":"article","og_title":"Note legali per Barois Events, agenzia di eventi nel 06","og_description":"Mentions l\u00e9gales de Barois Events agence \u00e9v\u00e9nementielle sur le 06. I nostri servizi: noleggio, installazione e supporto per eventi.","og_url":"https:\/\/barois-events.com\/it\/avviso-legale\/","og_site_name":"Barois Events","article_modified_time":"2025-11-24T15:22:38+00:00","og_image":[{"width":500,"height":500,"url":"https:\/\/barois-events.com\/wp-content\/uploads\/2025\/06\/favicon.png","type":"image\/png"}],"twitter_card":"summary_large_image","twitter_misc":{"Tempo di lettura stimato":"1 minuto"},"schema":{"@context":"https:\/\/schema.org","@graph":[{"@type":"WebPage","@id":"https:\/\/barois-events.com\/it\/avviso-legale\/","url":"https:\/\/barois-events.com\/it\/avviso-legale\/","name":"Note legali per Barois Events, agenzia di eventi nel 06","isPartOf":{"@id":"https:\/\/barois-events.com\/it\/#website"},"primaryImageOfPage":{"@id":"https:\/\/barois-events.com\/it\/avviso-legale\/#primaryimage"},"image":{"@id":"https:\/\/barois-events.com\/it\/avviso-legale\/#primaryimage"},"thumbnailUrl":"https:\/\/barois-events.com\/wp-content\/uploads\/2025\/06\/favicon.png","datePublished":"2025-06-24T09:47:05+00:00","dateModified":"2025-11-24T15:22:38+00:00","description":"Mentions l\u00e9gales de Barois Events agence \u00e9v\u00e9nementielle sur le 06. I nostri servizi: noleggio, installazione e supporto per eventi.","breadcrumb":{"@id":"https:\/\/barois-events.com\/it\/avviso-legale\/#breadcrumb"},"inLanguage":"it-IT","potentialAction":[{"@type":"ReadAction","target":["https:\/\/barois-events.com\/it\/avviso-legale\/"]}]},{"@type":"ImageObject","inLanguage":"it-IT","@id":"https:\/\/barois-events.com\/it\/avviso-legale\/#primaryimage","url":"https:\/\/barois-events.com\/wp-content\/uploads\/2025\/06\/favicon.png","contentUrl":"https:\/\/barois-events.com\/wp-content\/uploads\/2025\/06\/favicon.png","width":500,"height":500,"caption":"Barois Events, Agenzia di eventi, Alpi Marittime"},{"@type":"BreadcrumbList","@id":"https:\/\/barois-events.com\/it\/avviso-legale\/#breadcrumb","itemListElement":[{"@type":"ListItem","position":1,"name":"Accueil","item":"https:\/\/barois-events.com\/it\/"},{"@type":"ListItem","position":2,"name":"Avviso legale"}]},{"@type":"WebSite","@id":"https:\/\/barois-events.com\/it\/#website","url":"https:\/\/barois-events.com\/it\/","name":"Barois Events","description":"Agence \u00e9v\u00e9nementielle Alpes-Maritimes","publisher":{"@id":"https:\/\/barois-events.com\/it\/#organization"},"alternateName":"BE","potentialAction":[{"@type":"SearchAction","target":{"@type":"EntryPoint","urlTemplate":"https:\/\/barois-events.com\/it\/?s={search_term_string}"},"query-input":{"@type":"PropertyValueSpecification","valueRequired":true,"valueName":"search_term_string"}}],"inLanguage":"it-IT"},{"@type":"Organization","@id":"https:\/\/barois-events.com\/it\/#organization","name":"Barois Events","alternateName":"BE","url":"https:\/\/barois-events.com\/it\/","logo":{"@type":"ImageObject","inLanguage":"it-IT","@id":"https:\/\/barois-events.com\/it\/#\/schema\/logo\/image\/","url":"https:\/\/barois-events.com\/wp-content\/uploads\/2025\/02\/logo-transparent-1.png","contentUrl":"https:\/\/barois-events.com\/wp-content\/uploads\/2025\/02\/logo-transparent-1.png","width":116,"height":68,"caption":"Barois Events"},"image":{"@id":"https:\/\/barois-events.com\/it\/#\/schema\/logo\/image\/"}}]}},"_links":{"self":[{"href":"https:\/\/barois-events.com\/it\/wp-json\/wp\/v2\/pages\/5331","targetHints":{"allow":["GET"]}}],"collection":[{"href":"https:\/\/barois-events.com\/it\/wp-json\/wp\/v2\/pages"}],"about":[{"href":"https:\/\/barois-events.com\/it\/wp-json\/wp\/v2\/types\/page"}],"author":[{"embeddable":true,"href":"https:\/\/barois-events.com\/it\/wp-json\/wp\/v2\/users\/6"}],"replies":[{"embeddable":true,"href":"https:\/\/barois-events.com\/it\/wp-json\/wp\/v2\/comments?post=5331"}],"version-history":[{"count":0,"href":"https:\/\/barois-events.com\/it\/wp-json\/wp\/v2\/pages\/5331\/revisions"}],"wp:featuredmedia":[{"embeddable":true,"href":"https:\/\/barois-events.com\/it\/wp-json\/wp\/v2\/media\/5238"}],"wp:attachment":[{"href":"https:\/\/barois-events.com\/it\/wp-json\/wp\/v2\/media?parent=5331"}],"curies":[{"name":"wp","href":"https:\/\/api.w.org\/{rel}","templated":true}]}}