{"id":5358,"date":"2025-02-10T10:25:12","date_gmt":"2025-02-10T10:25:12","guid":{"rendered":"https:\/\/barois-events.com\/politica-sulla-riservatezza\/"},"modified":"2025-11-24T15:55:50","modified_gmt":"2025-11-24T15:55:50","slug":"politica-sulla-riservatezza","status":"publish","type":"page","link":"https:\/\/barois-events.com\/it\/politica-sulla-riservatezza\/","title":{"rendered":"politica sulla riservatezza"},"content":{"rendered":"\t\t<div data-elementor-type=\"wp-page\" data-elementor-id=\"5358\" class=\"elementor elementor-5358 elementor-3\">\n\t\t\t\t<div class=\"elementor-element elementor-element-2f235e4 e-flex e-con-boxed e-con e-parent\" data-id=\"2f235e4\" data-element_type=\"container\" data-e-type=\"container\">\n\t\t\t\t\t<div class=\"e-con-inner\">\n\t\t\t\t<div class=\"elementor-element elementor-element-baab83d elementor-widget elementor-widget-text-editor\" data-id=\"baab83d\" data-element_type=\"widget\" data-e-type=\"widget\" data-widget_type=\"text-editor.default\">\n\t\t\t\t<div class=\"elementor-widget-container\">\n\t\t\t\t\t\t\t\t\t<h1>politica sulla riservatezza<\/h1>\n<h2>Chi siamo?<\/h2>\n<p>L&#8217;indirizzo del nostro sito web \u00e8: <a href=\"https:\/\/barois-events.com\/it\/\">https:\/\/barois-events.com<\/a><\/p>\n<h2><strong>Utilizzo dei dati personali raccolti<\/strong><\/h2>\n<h3>Commenti<\/h3>\n<p>Quando lasci un commento sul nostro sito web, i dati inseriti nel modulo dei commenti, ma anche il tuo indirizzo IP e lo user agent del tuo browser vengono raccolti per aiutarci a rilevare commenti indesiderati.<\/p>\n<p>Una stringa anonima creata dal tuo indirizzo email (chiamata anche hash) pu\u00f2 essere inviata al servizio Gravatar per verificare se lo stai utilizzando. Le disposizioni sulla riservatezza del servizio Gravatar sono disponibili qui: <a href=\"https:\/\/automattic.com\/privacy\/\">https:\/\/automattic.com\/privacy\/<\/a>. Dopo la convalida del tuo commento, la foto del tuo profilo sar\u00e0 visibile pubblicamente accanto al tuo commento.  <\/p>\n<h2>Media<\/h2>\n<p>Informativa sulla privacy. <strong class=\"privacy-policy-tutorial\">Se <\/strong>sei un utente registrato e carichi immagini sul sito web, ti consigliamo di evitare di caricare immagini contenenti dati EXIF \u200b\u200bdelle coordinate GPS. I visitatori del tuo sito web possono scaricare ed estrarre dati sulla posizione da queste immagini. <\/p>\n<h2>Cookies<\/h2>\n<p>Se lasci un commento sul nostro sito, ti verr\u00e0 chiesto di salvare il tuo nome, indirizzo email e sito web nei cookie. Questo \u00e8 solo per la tua comodit\u00e0 in modo che tu non debba inserire queste informazioni se lasci un altro commento in seguito. Questi cookie scadono dopo un anno.  <\/p>\n<p>Se vai alla pagina di accesso, verr\u00e0 creato un cookie temporaneo per determinare se il tuo browser accetta i cookie. Non contiene dati personali e verr\u00e0 cancellato automaticamente alla chiusura del browser. <\/p>\n<p>Quando accedi, imposteremo una serie di cookie per salvare le tue informazioni di accesso e le preferenze dello schermo. La durata di un cookie di connessione \u00e8 di due giorni, quella di un cookie di opzione dello schermo \u00e8 di un anno. Se selezioni \u201cRicordami\u201d, il tuo cookie di accesso verr\u00e0 conservato per due settimane. Se esci dal tuo account, il cookie di accesso verr\u00e0 eliminato.   <\/p>\n<p>Modificando o pubblicando un post, un cookie aggiuntivo verr\u00e0 memorizzato nel tuo browser. Questo cookie non include alcun dato personale. Mostra semplicemente l&#8217;ID del post che hai appena modificato. Scade dopo un giorno.   <\/p>\n<h2><em>Contenuti incorporati da altri siti<\/em><\/h2>\n<p>Informativa sulla privacy. Gli articoli su questo sito possono includere contenuti incorporati (ad esempio video, immagini, articoli, ecc.). I contenuti incorporati da altri siti web si comportano allo stesso modo come se il visitatore avesse visitato l&#8217;altro sito web.  <\/p>\n<p>Questi siti Web potrebbero raccogliere dati su di te, utilizzare cookie, incorporare strumenti di tracciamento di terze parti, tracciare le tue interazioni con questo contenuto incorporato se disponi di un account collegato al loro sito Web.<\/p>\n<h2><strong>Utilizzo e trasmissione dei tuoi dati personali<\/strong><\/h2>\n<h2 class=\"wp-block-heading\"><em>Tempi di conservazione dei tuoi dati<\/em><\/h2>\n<p>Se lasci un commento, il commento e i relativi metadati vengono conservati a tempo indeterminato. Ci\u00f2 consente ai commenti successivi di essere riconosciuti e approvati automaticamente invece di lasciarli nella coda di moderazione. <\/p>\n<p><\/p>\n<p>Per gli utenti che si registrano sul nostro sito (se questa opzione \u00e8 disponibile), memorizziamo anche le informazioni personali che forniscono nel loro profilo utente. Tutti gli utenti possono visualizzare, modificare o cancellare le proprie informazioni personali in qualsiasi momento (ad eccezione del nome utente). Anche gli amministratori del sito web possono visualizzare e modificare queste informazioni.  <\/p>\n<h2><em>I diritti che hai sui tuoi dati<\/em><\/h2>\n<p>Se hai un account o hai lasciato commenti sul sito, puoi richiedere di ricevere un file contenente tutti i dati personali che abbiamo su di te, compresi quelli che ci hai fornito. Puoi anche richiedere la cancellazione dei dati personali che ti riguardano. Ci\u00f2 non tiene conto dei dati archiviati per scopi amministrativi, legali o di sicurezza.  <\/p>\n<h2><em>Trasmissione dei tuoi dati personali<\/em><\/h2>\n<p>Trasmissione dei tuoi dati personali<\/p>\n<h2><strong>DIRETTORE EDITORIALE<\/strong><\/h2>\n<p>Barois-Events.com<\/p>\n<p>CONTENUTI DEL SITO<br>Questo sito \u00e8 di propriet\u00e0 di BAROIS-EVENTS.COM. Le informazioni fornite su questo sito hanno solo scopo informativo generale. I prodotti e i servizi presentati su questo sito sono destinati ad essere utilizzati in conformit\u00e0 con i termini e le tariffe contrattuali applicabili. BAROIS-EVENTS.COM si riserva il diritto di modificare il contenuto del sito in qualsiasi momento e senza preavviso.   <\/p>\n<p>PROTEZIONE DEI DATI E PRIVACY<br>In conformit\u00e0 con la legge francese n. 78-17 del 6 gennaio 1978 relativa all&#8217;informatica, ai file e alle libert\u00e0 individuali, potete in qualsiasi momento accedere, modificare o cancellare i vostri dati personali in vostro possesso. Potete inoltre richiedere irrevocabilmente che qualsiasi informazione inesatta, incompleta, ambigua, obsoleta o raccolta, utilizzata, divulgata o archiviata illegalmente che vi riguardi venga rettificata, completata, chiarita, aggiornata o cancellata.<br>Legge del 1\u00b0 agosto 2000 sulla libert\u00e0 di comunicazione (che modifica la legge del 30 settembre 1986): Questo sito web \u00e8 pubblicato da BAROIS-EVENTS.COM. <\/p>\n<p><strong>GDPR<\/strong><br>BAROIS-EVENTS.COM effettua il trattamento dei dati personali nell&#8217;ambito della sua attivit\u00e0 e in particolare attraverso il suo sito web. BAROIS-EVENTS.COM si impegna a trattare tutti i dati personali in conformit\u00e0 con la normativa vigente. Il suo servizio online limita la raccolta dei dati personali a quanto strettamente necessario per il suo sistema di richiesta di prenotazione via e-mail.  <\/p>\n<p><em>FINALIT\u00c0 DEL TRATTAMENTO DEI DATI<\/em>: Elaborare le richieste di prenotazione online effettuate tramite l&#8217;URL https:\/\/barois-events.com<br>Elaborare statistiche sul traffico del sito web. A tal fine, ogni volta che un visitatore visita il sito, viene visualizzata una notifica sui cookie. <\/p>\n<p><em>DESTINATARI DEI DATI PERSONALI<\/em><br>Tutti i dati personali raccolti rimangono sotto il controllo esclusivo di BAROIS-EVENTS.COM e non vengono mai comunicati o commercializzati. I destinatari dei dati personali sono i gestori di BAROIS-EVENTS.COM e i fornitori di servizi contrattualmente conformi alla normativa vigente responsabili del loro trattamento. <\/p>\n<p><em>DURATA CONSERVAZIONE DEI DATI<\/em><\/p>\n<table class=\"has-fixed-layout\">\n<tbody>\n<tr>\n<th>Scopo <\/th><th>Base giuridica<\/th> <th>Periodo di validit\u00e0<\/th>\n<\/tr>\n<tr>\n<td>Richieste di noleggio<\/td><td>Legittimo interesse<\/td><td>Cancellazione dei dati memorizzati entro un mese dalla notifica ricevuta via email o posta<\/td>\n<\/tr>\n<tr>\n<td>Statistiche sul pubblico<\/td> <td>Consenso <\/td><td>36 mesi<\/td>\n<\/tr>\n<\/tbody>\n<\/table>\n<p>In conformit\u00e0 con il GDPR, puoi accedere ai tuoi dati personali o richiederne la cancellazione. Hai anche il diritto di opporti, rettificare e limitare il trattamento dei tuoi dati. Per esercitare questi diritti o per qualsiasi domanda sul trattamento dei vostri dati da parte di BAROIS-EVENTS.COM, potete contattarci elettronicamente cliccando su questo link o per posta al seguente indirizzo.  <\/p>\n<p><em>RACCOLTA DI DATI PERSONALI<\/em> In conformit\u00e0 alla legge francese sull&#8217;informatica e le libert\u00e0 del 6 gennaio 1978, vi informiamo che i dati personali raccolti dagli internauti tramite un modulo non saranno in nessun caso trasmessi, a titolo gratuito o oneroso, a terzi, siano essi persone fisiche o giuridiche.<\/p>\n<p>Dati raccolti: cognome, nome, email, telefono, indirizzo postale, dettagli del soggiorno desiderato nei nostri g\u00eetes.<br>I dati di marketing vengono conservati per un massimo di 3 anni, mentre i dati relativi alla fatturazione degli ordini per un massimo di 6 anni.<\/p>\n<p>Sicurezza e modifica: le misure di sicurezza del sistema sono state messe in atto per garantire la protezione dei tuoi dati. Puoi esercitare il diritto di modificare o cancellare i tuoi dati contattandoci via email. <\/p>\n<p>TITOLARIT\u00c0 DEI DIRITTI<br>Tutti gli elementi di questo sito web (inclusi marchi, nomi di dominio, testi, grafica, loghi, suoni, foto, animazioni e codice) sono di propriet\u00e0 degli editori del sito web, ad eccezione degli elementi provenienti dai vostri partner o partner. La protezione del vostro sito web \u00e8 pertanto regolata dalle leggi nazionali e internazionali relative ai diritti di propriet\u00e0 intellettuale. Di conseguenza, qualsiasi riproduzione, rappresentazione o ridistribuzione, totale o parziale, su qualsiasi supporto elettronico o di altro tipo, presente o futuro, \u00e8 vietata senza espressa previa autorizzazione. Il mancato rispetto di tale divieto pu\u00f2 costituire un atto di violazione, rendendo il trasgressore responsabile ai sensi del diritto civile e penale. Analogamente, i database di informazioni sono protetti dalla legge applicabile alle compilazioni di dati. Pertanto, qualsiasi estrazione o tentativo di estrazione, totale o parziale, pu\u00f2 rendere il trasgressore responsabile ai sensi del diritto civile e penale.     <br>Se il tuo sito \u00e8 stato integrato da un CMS, il software \u00e8 posto sotto licenza GPL cos\u00ec come tutte le approvazioni tecniche e le estensioni associate.<br>Nonostante tutta la cura posta nella realizzazione e nell&#8217;aggiornamento del contenuto del sito, BAROIS-EVENTS.COM non pu\u00f2 essere ritenuto responsabile della modifica delle disposizioni legali, o di qualsiasi ordine, intervenuta dopo la pubblicazione.<br>Questo sito \u00e8 soggetto alla legge francese e i tribunali competenti sono i tribunali francesi.<\/p>\n<p>COLLEGAMENTI IPERTESTUALI<br>Informativa sulla privacy. Vi informiamo che qualsiasi sito web o altro mezzo \u00e8 autorizzato a citare il nostro URL o a creare un collegamento ipertestuale che punti all&#8217;indirizzo del nostro sito web. Tale autorizzazione alla creazione di un collegamento \u00e8 valida per tutti i mezzi, ad eccezione di quelli che diffondono informazioni di natura politica, religiosa, pornografica o xenofoba, o che possano offendere la sensibilit\u00e0 di un gran numero di persone. Il nostro team si riserva il diritto di opporsi a qualsiasi collegamento di questo tipo. Inoltre, quando create un collegamento ipertestuale al nostro sito, vi concediamo anche il diritto di riprodurre il nostro logo esclusivamente allo scopo di creare tale collegamento e ai fini dell&#8217;attuale ottimizzazione dei motori di ricerca. Il formato del logo e le linee guida del marchio devono essere rispettati.<br>Qualsiasi creazione di un collegamento ipertestuale che punti a questo sito richiede il previo consenso scritto di BAROIS-EVENTS.COM. La presenza di un collegamento ipertestuale da questo sito a un altro sito non costituisce un&#8217;approvazione di tale sito o del suo contenuto. BAROIS-EVENTS.COM non ha alcun controllo sul contenuto di questi siti e non pu\u00f2 essere ritenuta responsabile per le informazioni, le opinioni e le raccomandazioni espresse da queste terze parti. \u00c8 inoltre importante ricordare i rischi intrinseci della trasmissione elettronica di dati: potrebbero verificarsi ritardi, omissioni o inesattezze. L&#8217;utente \u00e8 l&#8217;unico responsabile del loro utilizzo. Inoltre, questo sito potrebbe essere stato collegato ad altri siti tramite collegamenti ipertestuali a sua insaputa. BAROIS-EVENTS.COM non autorizza tali collegamenti o pratiche. BAROIS-EVENTS.COM declina ogni responsabilit\u00e0 e non fornisce alcuna garanzia, espressa o implicita, in merito alle informazioni presentate su questi altri siti, al loro contenuto o al loro rapporto con BAROIS-EVENTS.COM.          <\/p>\n<p>PROGETTAZIONE e DIREZIONE EDITORIALE<br>BAROIS-EVENTS.COM<\/p>\t\t\t\t\t\t\t\t<\/div>\n\t\t\t\t<\/div>\n\t\t\t\t\t<\/div>\n\t\t\t\t<\/div>\n\t\t\t\t<\/div>\n\t\t","protected":false},"excerpt":{"rendered":"<p>politica sulla riservatezza Chi siamo? L&#8217;indirizzo del nostro sito web \u00e8: https:\/\/barois-events.com Utilizzo dei dati personali raccolti Commenti Quando lasci un commento sul nostro sito web, i dati inseriti nel modulo dei commenti, ma anche il tuo indirizzo IP e lo user agent del tuo browser vengono raccolti per aiutarci a rilevare commenti indesiderati. Una [&hellip;]<\/p>\n","protected":false},"author":6,"featured_media":0,"parent":0,"menu_order":0,"comment_status":"closed","ping_status":"closed","template":"","meta":{"footnotes":""},"class_list":["post-5358","page","type-page","status-publish","hentry"],"blocksy_meta":[],"yoast_head":"<!-- This site is optimized with the Yoast SEO plugin v27.3 - https:\/\/yoast.com\/product\/yoast-seo-wordpress\/ -->\n<title>Informativa sulla privacy del sito web di Barois Events<\/title>\n<meta name=\"description\" content=\"Politique de confidentialit\u00e9 du site Barois Events agence \u00e9v\u00e8nementielle dans les Alpes-Maritimes. Location mat\u00e9riel de sonorisation\" \/>\n<meta name=\"robots\" content=\"index, follow, max-snippet:-1, max-image-preview:large, max-video-preview:-1\" \/>\n<link rel=\"canonical\" href=\"https:\/\/barois-events.com\/it\/politica-sulla-riservatezza\/\" \/>\n<meta property=\"og:locale\" content=\"it_IT\" \/>\n<meta property=\"og:type\" content=\"article\" \/>\n<meta property=\"og:title\" content=\"Informativa sulla privacy del sito web di Barois Events\" \/>\n<meta property=\"og:description\" content=\"Politique de confidentialit\u00e9 du site Barois Events agence \u00e9v\u00e8nementielle dans les Alpes-Maritimes. Location mat\u00e9riel de sonorisation\" \/>\n<meta property=\"og:url\" content=\"https:\/\/barois-events.com\/it\/politica-sulla-riservatezza\/\" \/>\n<meta property=\"og:site_name\" content=\"Barois Events\" \/>\n<meta property=\"article:modified_time\" content=\"2025-11-24T15:55:50+00:00\" \/>\n<meta property=\"og:image\" content=\"https:\/\/barois-events.com\/wp-content\/uploads\/2025\/06\/favicon.png\" \/>\n\t<meta property=\"og:image:width\" content=\"500\" \/>\n\t<meta property=\"og:image:height\" content=\"500\" \/>\n\t<meta property=\"og:image:type\" content=\"image\/png\" \/>\n<meta name=\"twitter:card\" content=\"summary_large_image\" \/>\n<meta name=\"twitter:label1\" content=\"Tempo di lettura stimato\" \/>\n\t<meta name=\"twitter:data1\" content=\"8 minuti\" \/>\n<script type=\"application\/ld+json\" class=\"yoast-schema-graph\">{\"@context\":\"https:\\\/\\\/schema.org\",\"@graph\":[{\"@type\":\"WebPage\",\"@id\":\"https:\\\/\\\/barois-events.com\\\/it\\\/politica-sulla-riservatezza\\\/\",\"url\":\"https:\\\/\\\/barois-events.com\\\/it\\\/politica-sulla-riservatezza\\\/\",\"name\":\"Informativa sulla privacy del sito web di Barois Events\",\"isPartOf\":{\"@id\":\"https:\\\/\\\/barois-events.com\\\/it\\\/#website\"},\"datePublished\":\"2025-02-10T10:25:12+00:00\",\"dateModified\":\"2025-11-24T15:55:50+00:00\",\"description\":\"Politique de confidentialit\u00e9 du site Barois Events agence \u00e9v\u00e8nementielle dans les Alpes-Maritimes. Location mat\u00e9riel de sonorisation\",\"breadcrumb\":{\"@id\":\"https:\\\/\\\/barois-events.com\\\/it\\\/politica-sulla-riservatezza\\\/#breadcrumb\"},\"inLanguage\":\"it-IT\",\"potentialAction\":[{\"@type\":\"ReadAction\",\"target\":[\"https:\\\/\\\/barois-events.com\\\/it\\\/politica-sulla-riservatezza\\\/\"]}]},{\"@type\":\"BreadcrumbList\",\"@id\":\"https:\\\/\\\/barois-events.com\\\/it\\\/politica-sulla-riservatezza\\\/#breadcrumb\",\"itemListElement\":[{\"@type\":\"ListItem\",\"position\":1,\"name\":\"Accueil\",\"item\":\"https:\\\/\\\/barois-events.com\\\/it\\\/\"},{\"@type\":\"ListItem\",\"position\":2,\"name\":\"politica sulla riservatezza\"}]},{\"@type\":\"WebSite\",\"@id\":\"https:\\\/\\\/barois-events.com\\\/it\\\/#website\",\"url\":\"https:\\\/\\\/barois-events.com\\\/it\\\/\",\"name\":\"Barois Events\",\"description\":\"Agence \u00e9v\u00e9nementielle Alpes-Maritimes\",\"publisher\":{\"@id\":\"https:\\\/\\\/barois-events.com\\\/it\\\/#organization\"},\"alternateName\":\"BE\",\"potentialAction\":[{\"@type\":\"SearchAction\",\"target\":{\"@type\":\"EntryPoint\",\"urlTemplate\":\"https:\\\/\\\/barois-events.com\\\/it\\\/?s={search_term_string}\"},\"query-input\":{\"@type\":\"PropertyValueSpecification\",\"valueRequired\":true,\"valueName\":\"search_term_string\"}}],\"inLanguage\":\"it-IT\"},{\"@type\":\"Organization\",\"@id\":\"https:\\\/\\\/barois-events.com\\\/it\\\/#organization\",\"name\":\"Barois Events\",\"alternateName\":\"BE\",\"url\":\"https:\\\/\\\/barois-events.com\\\/it\\\/\",\"logo\":{\"@type\":\"ImageObject\",\"inLanguage\":\"it-IT\",\"@id\":\"https:\\\/\\\/barois-events.com\\\/it\\\/#\\\/schema\\\/logo\\\/image\\\/\",\"url\":\"https:\\\/\\\/barois-events.com\\\/wp-content\\\/uploads\\\/2025\\\/02\\\/logo-transparent-1.png\",\"contentUrl\":\"https:\\\/\\\/barois-events.com\\\/wp-content\\\/uploads\\\/2025\\\/02\\\/logo-transparent-1.png\",\"width\":116,\"height\":68,\"caption\":\"Barois Events\"},\"image\":{\"@id\":\"https:\\\/\\\/barois-events.com\\\/it\\\/#\\\/schema\\\/logo\\\/image\\\/\"}}]}<\/script>\n<!-- \/ Yoast SEO plugin. -->","yoast_head_json":{"title":"Informativa sulla privacy del sito web di Barois Events","description":"Politique de confidentialit\u00e9 du site Barois Events agence \u00e9v\u00e8nementielle dans les Alpes-Maritimes. Location mat\u00e9riel de sonorisation","robots":{"index":"index","follow":"follow","max-snippet":"max-snippet:-1","max-image-preview":"max-image-preview:large","max-video-preview":"max-video-preview:-1"},"canonical":"https:\/\/barois-events.com\/it\/politica-sulla-riservatezza\/","og_locale":"it_IT","og_type":"article","og_title":"Informativa sulla privacy del sito web di Barois Events","og_description":"Politique de confidentialit\u00e9 du site Barois Events agence \u00e9v\u00e8nementielle dans les Alpes-Maritimes. Location mat\u00e9riel de sonorisation","og_url":"https:\/\/barois-events.com\/it\/politica-sulla-riservatezza\/","og_site_name":"Barois Events","article_modified_time":"2025-11-24T15:55:50+00:00","og_image":[{"width":500,"height":500,"url":"https:\/\/barois-events.com\/wp-content\/uploads\/2025\/06\/favicon.png","type":"image\/png"}],"twitter_card":"summary_large_image","twitter_misc":{"Tempo di lettura stimato":"8 minuti"},"schema":{"@context":"https:\/\/schema.org","@graph":[{"@type":"WebPage","@id":"https:\/\/barois-events.com\/it\/politica-sulla-riservatezza\/","url":"https:\/\/barois-events.com\/it\/politica-sulla-riservatezza\/","name":"Informativa sulla privacy del sito web di Barois Events","isPartOf":{"@id":"https:\/\/barois-events.com\/it\/#website"},"datePublished":"2025-02-10T10:25:12+00:00","dateModified":"2025-11-24T15:55:50+00:00","description":"Politique de confidentialit\u00e9 du site Barois Events agence \u00e9v\u00e8nementielle dans les Alpes-Maritimes. Location mat\u00e9riel de sonorisation","breadcrumb":{"@id":"https:\/\/barois-events.com\/it\/politica-sulla-riservatezza\/#breadcrumb"},"inLanguage":"it-IT","potentialAction":[{"@type":"ReadAction","target":["https:\/\/barois-events.com\/it\/politica-sulla-riservatezza\/"]}]},{"@type":"BreadcrumbList","@id":"https:\/\/barois-events.com\/it\/politica-sulla-riservatezza\/#breadcrumb","itemListElement":[{"@type":"ListItem","position":1,"name":"Accueil","item":"https:\/\/barois-events.com\/it\/"},{"@type":"ListItem","position":2,"name":"politica sulla riservatezza"}]},{"@type":"WebSite","@id":"https:\/\/barois-events.com\/it\/#website","url":"https:\/\/barois-events.com\/it\/","name":"Barois Events","description":"Agence \u00e9v\u00e9nementielle Alpes-Maritimes","publisher":{"@id":"https:\/\/barois-events.com\/it\/#organization"},"alternateName":"BE","potentialAction":[{"@type":"SearchAction","target":{"@type":"EntryPoint","urlTemplate":"https:\/\/barois-events.com\/it\/?s={search_term_string}"},"query-input":{"@type":"PropertyValueSpecification","valueRequired":true,"valueName":"search_term_string"}}],"inLanguage":"it-IT"},{"@type":"Organization","@id":"https:\/\/barois-events.com\/it\/#organization","name":"Barois Events","alternateName":"BE","url":"https:\/\/barois-events.com\/it\/","logo":{"@type":"ImageObject","inLanguage":"it-IT","@id":"https:\/\/barois-events.com\/it\/#\/schema\/logo\/image\/","url":"https:\/\/barois-events.com\/wp-content\/uploads\/2025\/02\/logo-transparent-1.png","contentUrl":"https:\/\/barois-events.com\/wp-content\/uploads\/2025\/02\/logo-transparent-1.png","width":116,"height":68,"caption":"Barois Events"},"image":{"@id":"https:\/\/barois-events.com\/it\/#\/schema\/logo\/image\/"}}]}},"_links":{"self":[{"href":"https:\/\/barois-events.com\/it\/wp-json\/wp\/v2\/pages\/5358","targetHints":{"allow":["GET"]}}],"collection":[{"href":"https:\/\/barois-events.com\/it\/wp-json\/wp\/v2\/pages"}],"about":[{"href":"https:\/\/barois-events.com\/it\/wp-json\/wp\/v2\/types\/page"}],"author":[{"embeddable":true,"href":"https:\/\/barois-events.com\/it\/wp-json\/wp\/v2\/users\/6"}],"replies":[{"embeddable":true,"href":"https:\/\/barois-events.com\/it\/wp-json\/wp\/v2\/comments?post=5358"}],"version-history":[{"count":0,"href":"https:\/\/barois-events.com\/it\/wp-json\/wp\/v2\/pages\/5358\/revisions"}],"wp:attachment":[{"href":"https:\/\/barois-events.com\/it\/wp-json\/wp\/v2\/media?parent=5358"}],"curies":[{"name":"wp","href":"https:\/\/api.w.org\/{rel}","templated":true}]}}