{"id":5362,"date":"2025-06-24T09:10:37","date_gmt":"2025-06-24T09:10:37","guid":{"rendered":"https:\/\/barois-events.com\/informativa-sui-cookie\/"},"modified":"2025-11-24T16:11:10","modified_gmt":"2025-11-24T16:11:10","slug":"informativa-sui-cookie","status":"publish","type":"page","link":"https:\/\/barois-events.com\/it\/informativa-sui-cookie\/","title":{"rendered":"Informativa sui cookie"},"content":{"rendered":"\t\t<div data-elementor-type=\"wp-page\" data-elementor-id=\"5362\" class=\"elementor elementor-5362 elementor-3992\">\n\t\t\t\t<div class=\"elementor-element elementor-element-4089470 e-flex e-con-boxed e-con e-parent\" data-id=\"4089470\" data-element_type=\"container\" data-e-type=\"container\">\n\t\t\t\t\t<div class=\"e-con-inner\">\n\t\t\t\t<div class=\"elementor-element elementor-element-649fbcb elementor-widget elementor-widget-text-editor\" data-id=\"649fbcb\" data-element_type=\"widget\" data-e-type=\"widget\" data-widget_type=\"text-editor.default\">\n\t\t\t\t<div class=\"elementor-widget-container\">\n\t\t\t\t\t\t\t\t\t<h2>Informativa sui cookie<\/h2>\n<p><em>La presente informativa sui cookie \u00e8 stata aggiornata l&#8217;ultima volta il 29 ottobre 2024 e si applica ai cittadini e ai residenti permanenti legali dello Spazio economico europeo e della Svizzera.<\/em><\/p>\n<h2>1. Introduzione<\/h2>\n<p>Il nostro sito web, https:\/\/barois-events.com\/ (di seguito: &#8220;il sito web&#8221;), utilizza cookie e altre tecnologie correlate (per semplicit\u00e0, tutte queste tecnologie sono definite &#8220;cookie&#8221;). I cookie vengono installati anche da terze parti da noi incaricate. Nel documento sottostante, vi informiamo sull&#8217;utilizzo dei cookie sul nostro sito web.  <\/p>\n<h2>2. Cosa sono i cookie?<\/h2>\n<p>Un cookie \u00e8 un piccolo file di testo inviato insieme alle pagine di questo sito web e memorizzato dal tuo browser sul disco rigido del tuo computer o altro dispositivo. Le informazioni in esso contenute possono essere rinviate ai nostri server o ai server di terze parti in caso di visita successiva. <\/p>\n<h2>3. Cosa sono gli script?<\/h2>\n<p>Uno script \u00e8 un pezzo di codice utilizzato per far funzionare il nostro sito web in modo corretto e interattivo. Questo codice viene eseguito sul nostro server o sul tuo dispositivo. <\/p>\n<h2>4. Che cos&#8217;\u00e8 un faro invisibile?<\/h2>\n<p>Un tag invisibile (o web beacon) \u00e8 un piccolo frammento di testo o immagine invisibile su un sito web, utilizzato per tracciare il traffico del sito. A tale scopo, vari dati su di te vengono memorizzati utilizzando tag invisibili. <\/p>\n<h2 class=\"wp-block-heading\">5. Cookies<\/h2>\n<p>5.1 Cookie tecnici o funzionali<\/p>\n<p>Alcuni cookie garantiscono il corretto funzionamento di alcune parti del sito web e ricordano le tue preferenze come utente. Utilizzando cookie funzionali, semplifichiamo la tua visita al nostro sito web. Ad esempio, non devi inserire ripetutamente le stesse informazioni quando visiti il \u200b\u200bnostro sito web e gli articoli rimangono nel carrello fino al completamento dell&#8217;acquisto. Possiamo utilizzare questi cookie senza il tuo consenso.   <\/p>\n<p>5.2 Cookie di marketing\/tracciamento<\/p>\n<p>Les cookies de marketing\/suivi sont des cookies ou toute autre forme de stockage local, utilis\u00e9s pour cr\u00e9er des profils d\u2019utilisateurs afin d\u2019afficher de la publicit\u00e9 ou de suivre l\u2019utilisateur sur ce site web ou sur plusieurs sites web dans des finalit\u00e9s marketing similaires.<\/p>\n<p>5.3 Social Network<\/p>\n<p>Sul nostro sito web, abbiamo incluso contenuti di Facebook per promuovere le pagine web (ad esempio, &#8220;Mi piace&#8221;, &#8220;Pin&#8221;) o condividerle (ad esempio, &#8220;Tweet&#8221;) su social network come Facebook. Questi contenuti sono integrati utilizzando codice ottenuto da Facebook e utilizzano cookie. Questi contenuti possono memorizzare ed elaborare determinate informazioni per scopi pubblicitari personalizzati.  <\/p>\n<p>Ti invitiamo a leggere l&#8217;informativa sulla privacy di questi social network (che potrebbe essere aggiornata regolarmente) per comprendere come utilizzano i tuoi dati (personali) elaborati tramite questi cookie. I dati raccolti sono resi anonimi il pi\u00f9 possibile. Facebook ha sede negli Stati Uniti.  <\/p>\n<h2>6. Cookie posizionati<\/h2>\n<h3>WordPress<\/h3>\n<h3>Elementor<\/h3>\n<h3>Complianz<\/h3>\n<h3>Google reCAPTCHA<\/h3>\n<h3>Facebook<\/h3>\n<h3>Varie<\/h3>\n<h2>7. Consenso<\/h2>\n<p>Quando visiti il \u200b\u200bnostro sito web per la prima volta, ti mostreremo una finestra pop-up che spiega i cookie. Cliccando su &#8220;Accetta&#8221;, acconsenti all&#8217;utilizzo di tutti i cookie e delle estensioni come descritto nella finestra pop-up e nella presente informativa sui cookie. Puoi disabilitare l&#8217;uso dei cookie tramite il tuo browser, ma tieni presente che il nostro sito web potrebbe non funzionare pi\u00f9 correttamente.  <\/p>\n<p>7.1 Gestisci le tue impostazioni di consenso Funzionale Sempre abilitato Marketing Marketing<\/p>\n<h2 class=\"wp-block-heading\">8. Abilitare\/disabilitare ed eliminare i cookie<\/h2>\n<p>Puoi utilizzare il tuo browser web per eliminare automaticamente o manualmente i cookie. Puoi anche specificare che determinati cookie non possano essere installati. Un&#8217;altra opzione \u00e8 quella di modificare le impostazioni del browser web in modo da ricevere un messaggio ogni volta che viene installato un cookie. Per ulteriori informazioni su queste opzioni, consulta la sezione Guida del tuo browser.   <\/p>\n<p>Si prega di notare che il nostro sito web potrebbe non funzionare correttamente se tutti i cookie sono disabilitati. Se elimini i cookie dal tuo browser, questi verranno inseriti nuovamente dopo aver dato il tuo consenso quando visiterai nuovamente il nostro sito web. <\/p>\n<p>Puoi utilizzare il tuo browser web per eliminare automaticamente o manualmente i cookie. Puoi anche specificare che determinati cookie non possano essere installati. Un&#8217;altra opzione \u00e8 quella di modificare le impostazioni del browser web in modo da ricevere un messaggio ogni volta che viene installato un cookie. Per ulteriori informazioni su queste opzioni, consulta la sezione Guida del tuo browser.   <\/p>\n<p>Si prega di notare che il nostro sito web potrebbe non funzionare correttamente se tutti i cookie sono disabilitati. Se elimini i cookie dal tuo browser, questi verranno inseriti nuovamente dopo aver dato il tuo consenso quando visiterai nuovamente il nostro sito web. <\/p>\n<h2>9. I tuoi diritti in materia di dati personali<\/h2>\n<p>Hai i seguenti diritti in relazione ai tuoi dati personali:<\/p>\n<ul>\n<li>Hai il diritto di sapere perch\u00e9 i tuoi dati personali sono necessari, cosa ne sar\u00e0 di essi e per quanto tempo saranno conservati.<\/li>\n<li>Diritto di accesso: hai il diritto di accedere ai tuoi dati personali in nostro possesso.<\/li>\n<li>Droit de rectification : vous avez le droit \u00e0 tout moment de compl\u00e9ter, corriger, faire supprimer ou bloquer vos donn\u00e9es personnelles.<\/li>\n<li>Se ci dai il tuo consenso al trattamento dei tuoi dati, hai il diritto di revocare tale consenso e di far cancellare i tuoi dati personali.<\/li>\n<li>Diritto alla portabilit\u00e0 dei dati: hai il diritto di richiedere al titolare del trattamento tutti i tuoi dati personali e di trasferirli nella loro interezza a un altro titolare del trattamento.<\/li>\n<li>Diritto di opposizione: puoi opporti al trattamento dei tuoi dati. Obbediremo, a meno che non vi siano motivi legittimi cogenti per tale trattamento. <\/li>\n<\/ul>\n<p>Per esercitare questi diritti, ti preghiamo di contattarci. Puoi trovare i recapiti in fondo alla presente informativa sui cookie. Se hai un reclamo in merito al trattamento dei tuoi dati, saremo lieti di contattarti, ma hai anche il diritto di presentare un reclamo all&#8217;autorit\u00e0 di controllo (l&#8217;autorit\u00e0 per la protezione dei dati).  <\/p>\n<h2>10. Coordinate<\/h2>\n<p>Per domande e\/o commenti sulla nostra politica sui cookie e sulla presente informativa, contattateci utilizzando i seguenti recapiti:<\/p>\n<p>SAS Barois Events<br>614, chemin de Saint Jean &#8211; 06620 Le Bar sur Loup<br>France<br>Sito : <a href=\"https:\/\/barois-events.com\/it\/\">https:\/\/barois-events.com<\/a><br>E-mail : <a href=\"mailto:contact@barois-events.com\">contact@barois-events.com<\/a><br>Telefono : <a href=\"tel:0605270301\">06.05.27.03.01<\/a><\/p>\n<p>La presente politica sui cookie \u00e8 stata sincronizzata con cookiedatabase.org il 29 ottobre 2024.<\/p>\t\t\t\t\t\t\t\t<\/div>\n\t\t\t\t<\/div>\n\t\t\t\t\t<\/div>\n\t\t\t\t<\/div>\n\t\t\t\t<\/div>\n\t\t","protected":false},"excerpt":{"rendered":"<p>Informativa sui cookie La presente informativa sui cookie \u00e8 stata aggiornata l&#8217;ultima volta il 29 ottobre 2024 e si applica ai cittadini e ai residenti permanenti legali dello Spazio economico europeo e della Svizzera. 1. Introduzione Il nostro sito web, https:\/\/barois-events.com\/ (di seguito: &#8220;il sito web&#8221;), utilizza cookie e altre tecnologie correlate (per semplicit\u00e0, tutte [&hellip;]<\/p>\n","protected":false},"author":6,"featured_media":5238,"parent":0,"menu_order":0,"comment_status":"closed","ping_status":"closed","template":"","meta":{"footnotes":""},"class_list":["post-5362","page","type-page","status-publish","has-post-thumbnail","hentry"],"blocksy_meta":[],"yoast_head":"<!-- This site is optimized with the Yoast SEO plugin v27.5 - https:\/\/yoast.com\/product\/yoast-seo-wordpress\/ -->\n<title>Informativa sui cookie per il sito web Barois Events. Noleggio attrezzature<\/title>\n<meta name=\"description\" content=\"Informativa sui cookie per il sito web Barois Events. Noleggio di attrezzature audio per il tuo evento nelle Alpi Marittime.\" \/>\n<meta name=\"robots\" content=\"index, follow, max-snippet:-1, max-image-preview:large, max-video-preview:-1\" \/>\n<link rel=\"canonical\" href=\"https:\/\/barois-events.com\/it\/informativa-sui-cookie\/\" \/>\n<meta property=\"og:locale\" content=\"it_IT\" \/>\n<meta property=\"og:type\" content=\"article\" \/>\n<meta property=\"og:title\" content=\"Informativa sui cookie per il sito web Barois Events. Noleggio attrezzature\" \/>\n<meta property=\"og:description\" content=\"Informativa sui cookie per il sito web Barois Events. Noleggio di attrezzature audio per il tuo evento nelle Alpi Marittime.\" \/>\n<meta property=\"og:url\" content=\"https:\/\/barois-events.com\/it\/informativa-sui-cookie\/\" \/>\n<meta property=\"og:site_name\" content=\"Barois Events\" \/>\n<meta property=\"article:modified_time\" content=\"2025-11-24T16:11:10+00:00\" \/>\n<meta property=\"og:image\" content=\"https:\/\/barois-events.com\/wp-content\/uploads\/2025\/06\/favicon.png\" \/>\n\t<meta property=\"og:image:width\" content=\"500\" \/>\n\t<meta property=\"og:image:height\" content=\"500\" \/>\n\t<meta property=\"og:image:type\" content=\"image\/png\" \/>\n<meta name=\"twitter:card\" content=\"summary_large_image\" \/>\n<meta name=\"twitter:label1\" content=\"Tempo di lettura stimato\" \/>\n\t<meta name=\"twitter:data1\" content=\"5 minuti\" \/>\n<script type=\"application\/ld+json\" class=\"yoast-schema-graph\">{\"@context\":\"https:\\\/\\\/schema.org\",\"@graph\":[{\"@type\":\"WebPage\",\"@id\":\"https:\\\/\\\/barois-events.com\\\/it\\\/informativa-sui-cookie\\\/\",\"url\":\"https:\\\/\\\/barois-events.com\\\/it\\\/informativa-sui-cookie\\\/\",\"name\":\"Informativa sui cookie per il sito web Barois Events. Noleggio attrezzature\",\"isPartOf\":{\"@id\":\"https:\\\/\\\/barois-events.com\\\/it\\\/#website\"},\"primaryImageOfPage\":{\"@id\":\"https:\\\/\\\/barois-events.com\\\/it\\\/informativa-sui-cookie\\\/#primaryimage\"},\"image\":{\"@id\":\"https:\\\/\\\/barois-events.com\\\/it\\\/informativa-sui-cookie\\\/#primaryimage\"},\"thumbnailUrl\":\"https:\\\/\\\/barois-events.com\\\/wp-content\\\/uploads\\\/2025\\\/06\\\/favicon.png\",\"datePublished\":\"2025-06-24T09:10:37+00:00\",\"dateModified\":\"2025-11-24T16:11:10+00:00\",\"description\":\"Informativa sui cookie per il sito web Barois Events. Noleggio di attrezzature audio per il tuo evento nelle Alpi Marittime.\",\"breadcrumb\":{\"@id\":\"https:\\\/\\\/barois-events.com\\\/it\\\/informativa-sui-cookie\\\/#breadcrumb\"},\"inLanguage\":\"it-IT\",\"potentialAction\":[{\"@type\":\"ReadAction\",\"target\":[\"https:\\\/\\\/barois-events.com\\\/it\\\/informativa-sui-cookie\\\/\"]}]},{\"@type\":\"ImageObject\",\"inLanguage\":\"it-IT\",\"@id\":\"https:\\\/\\\/barois-events.com\\\/it\\\/informativa-sui-cookie\\\/#primaryimage\",\"url\":\"https:\\\/\\\/barois-events.com\\\/wp-content\\\/uploads\\\/2025\\\/06\\\/favicon.png\",\"contentUrl\":\"https:\\\/\\\/barois-events.com\\\/wp-content\\\/uploads\\\/2025\\\/06\\\/favicon.png\",\"width\":500,\"height\":500,\"caption\":\"Barois Events, Agenzia di eventi, Alpi Marittime\"},{\"@type\":\"BreadcrumbList\",\"@id\":\"https:\\\/\\\/barois-events.com\\\/it\\\/informativa-sui-cookie\\\/#breadcrumb\",\"itemListElement\":[{\"@type\":\"ListItem\",\"position\":1,\"name\":\"Accueil\",\"item\":\"https:\\\/\\\/barois-events.com\\\/it\\\/\"},{\"@type\":\"ListItem\",\"position\":2,\"name\":\"Informativa sui cookie\"}]},{\"@type\":\"WebSite\",\"@id\":\"https:\\\/\\\/barois-events.com\\\/it\\\/#website\",\"url\":\"https:\\\/\\\/barois-events.com\\\/it\\\/\",\"name\":\"Barois Events\",\"description\":\"Agence \u00e9v\u00e9nementielle Alpes-Maritimes\",\"publisher\":{\"@id\":\"https:\\\/\\\/barois-events.com\\\/it\\\/#organization\"},\"alternateName\":\"BE\",\"potentialAction\":[{\"@type\":\"SearchAction\",\"target\":{\"@type\":\"EntryPoint\",\"urlTemplate\":\"https:\\\/\\\/barois-events.com\\\/it\\\/?s={search_term_string}\"},\"query-input\":{\"@type\":\"PropertyValueSpecification\",\"valueRequired\":true,\"valueName\":\"search_term_string\"}}],\"inLanguage\":\"it-IT\"},{\"@type\":\"Organization\",\"@id\":\"https:\\\/\\\/barois-events.com\\\/it\\\/#organization\",\"name\":\"Barois Events\",\"alternateName\":\"BE\",\"url\":\"https:\\\/\\\/barois-events.com\\\/it\\\/\",\"logo\":{\"@type\":\"ImageObject\",\"inLanguage\":\"it-IT\",\"@id\":\"https:\\\/\\\/barois-events.com\\\/it\\\/#\\\/schema\\\/logo\\\/image\\\/\",\"url\":\"https:\\\/\\\/barois-events.com\\\/wp-content\\\/uploads\\\/2025\\\/02\\\/logo-transparent-1.png\",\"contentUrl\":\"https:\\\/\\\/barois-events.com\\\/wp-content\\\/uploads\\\/2025\\\/02\\\/logo-transparent-1.png\",\"width\":116,\"height\":68,\"caption\":\"Barois Events\"},\"image\":{\"@id\":\"https:\\\/\\\/barois-events.com\\\/it\\\/#\\\/schema\\\/logo\\\/image\\\/\"}}]}<\/script>\n<!-- \/ Yoast SEO plugin. -->","yoast_head_json":{"title":"Informativa sui cookie per il sito web Barois Events. Noleggio attrezzature","description":"Informativa sui cookie per il sito web Barois Events. Noleggio di attrezzature audio per il tuo evento nelle Alpi Marittime.","robots":{"index":"index","follow":"follow","max-snippet":"max-snippet:-1","max-image-preview":"max-image-preview:large","max-video-preview":"max-video-preview:-1"},"canonical":"https:\/\/barois-events.com\/it\/informativa-sui-cookie\/","og_locale":"it_IT","og_type":"article","og_title":"Informativa sui cookie per il sito web Barois Events. Noleggio attrezzature","og_description":"Informativa sui cookie per il sito web Barois Events. Noleggio di attrezzature audio per il tuo evento nelle Alpi Marittime.","og_url":"https:\/\/barois-events.com\/it\/informativa-sui-cookie\/","og_site_name":"Barois Events","article_modified_time":"2025-11-24T16:11:10+00:00","og_image":[{"width":500,"height":500,"url":"https:\/\/barois-events.com\/wp-content\/uploads\/2025\/06\/favicon.png","type":"image\/png"}],"twitter_card":"summary_large_image","twitter_misc":{"Tempo di lettura stimato":"5 minuti"},"schema":{"@context":"https:\/\/schema.org","@graph":[{"@type":"WebPage","@id":"https:\/\/barois-events.com\/it\/informativa-sui-cookie\/","url":"https:\/\/barois-events.com\/it\/informativa-sui-cookie\/","name":"Informativa sui cookie per il sito web Barois Events. Noleggio attrezzature","isPartOf":{"@id":"https:\/\/barois-events.com\/it\/#website"},"primaryImageOfPage":{"@id":"https:\/\/barois-events.com\/it\/informativa-sui-cookie\/#primaryimage"},"image":{"@id":"https:\/\/barois-events.com\/it\/informativa-sui-cookie\/#primaryimage"},"thumbnailUrl":"https:\/\/barois-events.com\/wp-content\/uploads\/2025\/06\/favicon.png","datePublished":"2025-06-24T09:10:37+00:00","dateModified":"2025-11-24T16:11:10+00:00","description":"Informativa sui cookie per il sito web Barois Events. Noleggio di attrezzature audio per il tuo evento nelle Alpi Marittime.","breadcrumb":{"@id":"https:\/\/barois-events.com\/it\/informativa-sui-cookie\/#breadcrumb"},"inLanguage":"it-IT","potentialAction":[{"@type":"ReadAction","target":["https:\/\/barois-events.com\/it\/informativa-sui-cookie\/"]}]},{"@type":"ImageObject","inLanguage":"it-IT","@id":"https:\/\/barois-events.com\/it\/informativa-sui-cookie\/#primaryimage","url":"https:\/\/barois-events.com\/wp-content\/uploads\/2025\/06\/favicon.png","contentUrl":"https:\/\/barois-events.com\/wp-content\/uploads\/2025\/06\/favicon.png","width":500,"height":500,"caption":"Barois Events, Agenzia di eventi, Alpi Marittime"},{"@type":"BreadcrumbList","@id":"https:\/\/barois-events.com\/it\/informativa-sui-cookie\/#breadcrumb","itemListElement":[{"@type":"ListItem","position":1,"name":"Accueil","item":"https:\/\/barois-events.com\/it\/"},{"@type":"ListItem","position":2,"name":"Informativa sui cookie"}]},{"@type":"WebSite","@id":"https:\/\/barois-events.com\/it\/#website","url":"https:\/\/barois-events.com\/it\/","name":"Barois Events","description":"Agence \u00e9v\u00e9nementielle Alpes-Maritimes","publisher":{"@id":"https:\/\/barois-events.com\/it\/#organization"},"alternateName":"BE","potentialAction":[{"@type":"SearchAction","target":{"@type":"EntryPoint","urlTemplate":"https:\/\/barois-events.com\/it\/?s={search_term_string}"},"query-input":{"@type":"PropertyValueSpecification","valueRequired":true,"valueName":"search_term_string"}}],"inLanguage":"it-IT"},{"@type":"Organization","@id":"https:\/\/barois-events.com\/it\/#organization","name":"Barois Events","alternateName":"BE","url":"https:\/\/barois-events.com\/it\/","logo":{"@type":"ImageObject","inLanguage":"it-IT","@id":"https:\/\/barois-events.com\/it\/#\/schema\/logo\/image\/","url":"https:\/\/barois-events.com\/wp-content\/uploads\/2025\/02\/logo-transparent-1.png","contentUrl":"https:\/\/barois-events.com\/wp-content\/uploads\/2025\/02\/logo-transparent-1.png","width":116,"height":68,"caption":"Barois Events"},"image":{"@id":"https:\/\/barois-events.com\/it\/#\/schema\/logo\/image\/"}}]}},"_links":{"self":[{"href":"https:\/\/barois-events.com\/it\/wp-json\/wp\/v2\/pages\/5362","targetHints":{"allow":["GET"]}}],"collection":[{"href":"https:\/\/barois-events.com\/it\/wp-json\/wp\/v2\/pages"}],"about":[{"href":"https:\/\/barois-events.com\/it\/wp-json\/wp\/v2\/types\/page"}],"author":[{"embeddable":true,"href":"https:\/\/barois-events.com\/it\/wp-json\/wp\/v2\/users\/6"}],"replies":[{"embeddable":true,"href":"https:\/\/barois-events.com\/it\/wp-json\/wp\/v2\/comments?post=5362"}],"version-history":[{"count":0,"href":"https:\/\/barois-events.com\/it\/wp-json\/wp\/v2\/pages\/5362\/revisions"}],"wp:featuredmedia":[{"embeddable":true,"href":"https:\/\/barois-events.com\/it\/wp-json\/wp\/v2\/media\/5238"}],"wp:attachment":[{"href":"https:\/\/barois-events.com\/it\/wp-json\/wp\/v2\/media?parent=5362"}],"curies":[{"name":"wp","href":"https:\/\/api.w.org\/{rel}","templated":true}]}}